{"id":356,"date":"2020-12-21T21:45:36","date_gmt":"2020-12-21T20:45:36","guid":{"rendered":"http:\/\/przytuliazakopane.pl\/?page_id=356"},"modified":"2026-01-11T12:55:20","modified_gmt":"2026-01-11T11:55:20","slug":"oferta","status":"publish","type":"page","link":"https:\/\/przytuliazakopane.pl\/index.php\/oferta\/","title":{"rendered":"OFERTA"},"content":{"rendered":"\t\t<div data-elementor-type=\"wp-post\" data-elementor-id=\"356\" class=\"elementor elementor-356\" data-elementor-post-type=\"page\">\n\t\t\t\t\t\t<section class=\"elementor-section elementor-top-section elementor-element elementor-element-5f18c1d7 elementor-section-height-min-height elementor-section-full_width elementor-section-items-top elementor-section-height-default\" data-id=\"5f18c1d7\" data-element_type=\"section\" data-settings=\"{&quot;background_background&quot;:&quot;classic&quot;}\">\n\t\t\t\t\t\t\t<div class=\"elementor-background-overlay\"><\/div>\n\t\t\t\t\t\t\t<div class=\"elementor-container elementor-column-gap-default\">\n\t\t\t\t\t<div class=\"elementor-column elementor-col-100 elementor-top-column elementor-element elementor-element-211e2071\" data-id=\"211e2071\" data-element_type=\"column\">\n\t\t\t<div class=\"elementor-widget-wrap\">\n\t\t\t\t\t\t\t<\/div>\n\t\t<\/div>\n\t\t\t\t\t<\/div>\n\t\t<\/section>\n\t\t\t\t<section class=\"elementor-section elementor-top-section elementor-element elementor-element-50a721f3 elementor-section-content-middle elementor-section-boxed elementor-section-height-default elementor-section-height-default\" data-id=\"50a721f3\" data-element_type=\"section\" data-settings=\"{&quot;background_background&quot;:&quot;classic&quot;,&quot;shape_divider_bottom&quot;:&quot;arrow&quot;}\">\n\t\t\t\t\t<div class=\"elementor-shape elementor-shape-bottom\" aria-hidden=\"true\" data-negative=\"false\">\n\t\t\t<svg xmlns=\"http:\/\/www.w3.org\/2000\/svg\" viewBox=\"0 0 700 10\" preserveAspectRatio=\"none\">\n\t<path class=\"elementor-shape-fill\" d=\"M350,10L340,0h20L350,10z\"\/>\n<\/svg>\t\t<\/div>\n\t\t\t\t\t<div class=\"elementor-container elementor-column-gap-default\">\n\t\t\t\t\t<div class=\"elementor-column elementor-col-100 elementor-top-column elementor-element elementor-element-159d7170\" data-id=\"159d7170\" data-element_type=\"column\">\n\t\t\t<div class=\"elementor-widget-wrap elementor-element-populated\">\n\t\t\t\t\t\t<div class=\"elementor-element elementor-element-32017b55 elementor-widget elementor-widget-heading\" data-id=\"32017b55\" data-element_type=\"widget\" data-widget_type=\"heading.default\">\n\t\t\t\t<div class=\"elementor-widget-container\">\n\t\t\t\t\t<h3 class=\"elementor-heading-title elementor-size-default\">OFERTA<\/h3>\t\t\t\t<\/div>\n\t\t\t\t<\/div>\n\t\t\t\t\t<\/div>\n\t\t<\/div>\n\t\t\t\t\t<\/div>\n\t\t<\/section>\n\t\t\t\t<section class=\"elementor-section elementor-top-section elementor-element elementor-element-4fe1cf22 elementor-section-content-middle elementor-reverse-mobile elementor-section-boxed elementor-section-height-default elementor-section-height-default\" data-id=\"4fe1cf22\" data-element_type=\"section\">\n\t\t\t\t\t\t<div class=\"elementor-container elementor-column-gap-default\">\n\t\t\t\t\t<div class=\"elementor-column elementor-col-100 elementor-top-column elementor-element elementor-element-1d2d2abc\" data-id=\"1d2d2abc\" data-element_type=\"column\">\n\t\t\t<div class=\"elementor-widget-wrap elementor-element-populated\">\n\t\t\t\t\t\t<div class=\"elementor-element elementor-element-61495b4b elementor-widget elementor-widget-text-editor\" data-id=\"61495b4b\" data-element_type=\"widget\" data-widget_type=\"text-editor.default\">\n\t\t\t\t<div class=\"elementor-widget-container\">\n\t\t\t\t\t\t\t\t\t<p><strong>Nasz\u0105 ofert\u0119 kierujemy zar\u00f3wno do klient\u00f3w indywidualnych jak r\u00f3wnie\u017c grup zorganizowanych.<\/strong><\/p><p><strong>W obiekcie znajduj\u0105 si\u0119:<\/strong><\/p><p>*pokoje 1,2,3,4 osobowe<\/p><p>**dwupokojowy apartament typu suite z aneksem kuchennym<\/p><p>***apartamenty typu studio<\/p><p>\u00a0<\/p><p>Ka\u017cdy pok\u00f3j jest wyposa\u017cony w telewizor, czajnik, talerze i sztu\u0107ce, Internet WI FI oraz prywatn\u0105 \u0142azienk\u0119 z pe\u0142nym w\u0119z\u0142em sanitarnym, r\u0119cznikami i suszark\u0105 do w\u0142os\u00f3w. Cz\u0119\u015b\u0107 pokoi posiada w\u0142asne lod\u00f3wki.\u00a0<\/p><p>Do dyspozycji Go\u015bci oferujemy og\u00f3lnodost\u0119pn\u0105 i w pe\u0142ni wyposa\u017con\u0105 kuchni\u0119.<\/p><p><span style=\"color: var( --e-global-color-text ); font-weight: var( --e-global-typography-text-font-weight );\">Naszym Go\u015bciom na czas pobytu nieodp\u0142atnie udost\u0119pniamy niestrze\u017cony, ogrodzony i monitorowany parking.<\/span><\/p><p>W razie potrzeby zawsze s\u0142u\u017cymy rad\u0105 oraz informacjami na temat lokalnych atrakcji.<\/p>\t\t\t\t\t\t\t\t<\/div>\n\t\t\t\t<\/div>\n\t\t\t\t<div class=\"elementor-element elementor-element-6ef2005 elementor-widget elementor-widget-heading\" data-id=\"6ef2005\" data-element_type=\"widget\" data-widget_type=\"heading.default\">\n\t\t\t\t<div class=\"elementor-widget-container\">\n\t\t\t\t\t<h6 class=\"elementor-heading-title elementor-size-default\">Apartamenty<\/h6>\t\t\t\t<\/div>\n\t\t\t\t<\/div>\n\t\t\t\t<div class=\"elementor-element elementor-element-5a66efc elementor-widget elementor-widget-text-editor\" data-id=\"5a66efc\" data-element_type=\"widget\" data-widget_type=\"text-editor.default\">\n\t\t\t\t<div class=\"elementor-widget-container\">\n\t\t\t\t\t\t\t\t\t<p>**Apartament\u00a0 nr 1 typu studio sk\u0142ada si\u0119 z klimatyzowanej sypialni, oddzielnej kuchni oraz \u0142azienki. Jest przeznaczony dla 2-3 os\u00f3b.<\/p><p><span style=\"color: var( --e-global-color-text ); font-weight: var( --e-global-typography-text-font-weight );\">**Apartament nr 2 (typu suite) sk\u0142ada si\u0119 z oddzielnej sypialni z wann\u0105, wygodnego klimatyzowanego salonu (mo\u017cliwo\u015b\u0107 spania) z aneksem kuchennym oraz \u0142azienki. Do apartamentu przynale\u017cy w\u0142asny taras. W aneksie znajduj\u0105 si\u0119 m.in. lod\u00f3wka, p\u0142yta grzejna, kuchenka mikrofalowa, podstawowe garnki i akcesoria do gotowania, czajnik, talerze, szklanki oraz sztu\u0107ce.\u00a0<\/span><span style=\"color: var( --e-global-color-text ); font-weight: var( --e-global-typography-text-font-weight );\">Apartament jest przeznaczony dla 2-4 os\u00f3b.<\/span><\/p><p><span style=\"color: var( --e-global-color-text ); font-weight: var( --e-global-typography-text-font-weight );\">**Apartament nr 3 typu studio sk\u0142ada si\u0119 z sypialni z podw\u00f3jnym \u0142\u00f3\u017ckiem, aneksu kuchennego oraz \u0142azienki. Apartament j<\/span><span style=\"color: var( --e-global-color-text ); font-weight: var( --e-global-typography-text-font-weight );\">est przeznaczony dla 2 os\u00f3b.<\/span><\/p>\t\t\t\t\t\t\t\t<\/div>\n\t\t\t\t<\/div>\n\t\t\t\t<div class=\"elementor-element elementor-element-ea5ed29 elementor-align-center elementor-mobile-align-center elementor-widget elementor-widget-button\" data-id=\"ea5ed29\" data-element_type=\"widget\" data-widget_type=\"button.default\">\n\t\t\t\t<div class=\"elementor-widget-container\">\n\t\t\t\t\t\t\t\t\t<div class=\"elementor-button-wrapper\">\n\t\t\t\t\t<a class=\"elementor-button elementor-button-link elementor-size-lg\" href=\"https:\/\/przytuliazakopane.pl\/index.php\/galeria\/\">\n\t\t\t\t\t\t<span class=\"elementor-button-content-wrapper\">\n\t\t\t\t\t\t<span class=\"elementor-button-icon\">\n\t\t\t\t<i aria-hidden=\"true\" class=\"fas fa-folder\"><\/i>\t\t\t<\/span>\n\t\t\t\t\t\t\t\t\t<span class=\"elementor-button-text\">Zapraszamy do zapoznania si\u0119 z galeri\u0105 naszego obiektu. <\/span>\n\t\t\t\t\t<\/span>\n\t\t\t\t\t<\/a>\n\t\t\t\t<\/div>\n\t\t\t\t\t\t\t\t<\/div>\n\t\t\t\t<\/div>\n\t\t\t\t<div class=\"elementor-element elementor-element-a13d55a elementor-widget elementor-widget-spacer\" data-id=\"a13d55a\" data-element_type=\"widget\" data-widget_type=\"spacer.default\">\n\t\t\t\t<div class=\"elementor-widget-container\">\n\t\t\t\t\t\t\t<div class=\"elementor-spacer\">\n\t\t\t<div class=\"elementor-spacer-inner\"><\/div>\n\t\t<\/div>\n\t\t\t\t\t\t<\/div>\n\t\t\t\t<\/div>\n\t\t\t\t<div class=\"elementor-element elementor-element-60a8ffb elementor-widget elementor-widget-heading\" data-id=\"60a8ffb\" data-element_type=\"widget\" data-widget_type=\"heading.default\">\n\t\t\t\t<div class=\"elementor-widget-container\">\n\t\t\t\t\t<h6 class=\"elementor-heading-title elementor-size-default\">Informacje dodatkowe<\/h6>\t\t\t\t<\/div>\n\t\t\t\t<\/div>\n\t\t\t\t<div class=\"elementor-element elementor-element-cf56f13 elementor-widget elementor-widget-text-editor\" data-id=\"cf56f13\" data-element_type=\"widget\" data-widget_type=\"text-editor.default\">\n\t\t\t\t<div class=\"elementor-widget-container\">\n\t\t\t\t\t\t\t\t\t<p>**<strong>REZERWACJA TELEFONICZNA MO\u017bLIWA WY\u0141\u0104CZNIE W GODZINACH 9:00 &#8211; 19:00<\/strong><\/p><p>\u00a0<\/p><p>**Doba hotelowa rozpoczyna si\u0119 o 14:00 w dniu przyjazdu i ko\u0144czy o 10:00 w dniu wyjazdu **<\/p><p>** Na terenie obiektu obowi\u0105zuje ca\u0142kowity zakaz palenia tytoniu **<\/p><p>** Nie akceptujemy pobyt\u00f3w ze zwierz\u0119tami **<\/p><p>**P\u0142atno\u015b\u0107 za nocleg mo\u017cliwa jest tylko got\u00f3wk\u0105**<\/p><p>** Informacj\u0119 o konieczno\u015bci wystawienia faktury nale\u017cy poda\u0107 podczas dokonywania rezerwacji**<\/p>\t\t\t\t\t\t\t\t<\/div>\n\t\t\t\t<\/div>\n\t\t\t\t\t<\/div>\n\t\t<\/div>\n\t\t\t\t\t<\/div>\n\t\t<\/section>\n\t\t\t\t<section class=\"elementor-section elementor-top-section elementor-element elementor-element-29174f2 elementor-section-boxed elementor-section-height-default elementor-section-height-default\" data-id=\"29174f2\" data-element_type=\"section\" data-settings=\"{&quot;background_background&quot;:&quot;gradient&quot;,&quot;shape_divider_bottom&quot;:&quot;arrow&quot;,&quot;shape_divider_bottom_negative&quot;:&quot;yes&quot;}\">\n\t\t\t\t\t<div class=\"elementor-shape elementor-shape-bottom\" aria-hidden=\"true\" data-negative=\"true\">\n\t\t\t<svg xmlns=\"http:\/\/www.w3.org\/2000\/svg\" viewBox=\"0 0 700 10\" preserveAspectRatio=\"none\">\n\t<path class=\"elementor-shape-fill\" d=\"M360 0L350 9.9 340 0 0 0 0 10 700 10 700 0\"\/>\n<\/svg>\t\t<\/div>\n\t\t\t\t\t<div class=\"elementor-container elementor-column-gap-default\">\n\t\t\t\t\t<div class=\"elementor-column elementor-col-100 elementor-top-column elementor-element elementor-element-809f119\" data-id=\"809f119\" data-element_type=\"column\">\n\t\t\t<div class=\"elementor-widget-wrap elementor-element-populated\">\n\t\t\t\t\t\t<section class=\"elementor-section elementor-inner-section elementor-element elementor-element-4b9579c elementor-section-boxed elementor-section-height-default elementor-section-height-default\" data-id=\"4b9579c\" data-element_type=\"section\">\n\t\t\t\t\t\t<div class=\"elementor-container elementor-column-gap-default\">\n\t\t\t\t\t<div class=\"elementor-column elementor-col-100 elementor-inner-column elementor-element elementor-element-9dbb9ea\" data-id=\"9dbb9ea\" data-element_type=\"column\">\n\t\t\t<div class=\"elementor-widget-wrap elementor-element-populated\">\n\t\t\t\t\t\t<div class=\"elementor-element elementor-element-420a892 elementor-widget elementor-widget-heading\" data-id=\"420a892\" data-element_type=\"widget\" data-widget_type=\"heading.default\">\n\t\t\t\t<div class=\"elementor-widget-container\">\n\t\t\t\t\t<h3 class=\"elementor-heading-title elementor-size-default\">Apartament Alicja - nasza druga lokalizacja<\/h3>\t\t\t\t<\/div>\n\t\t\t\t<\/div>\n\t\t\t\t<div class=\"elementor-element elementor-element-c4a86c3 elementor-widget elementor-widget-image\" data-id=\"c4a86c3\" data-element_type=\"widget\" data-widget_type=\"image.default\">\n\t\t\t\t<div class=\"elementor-widget-container\">\n\t\t\t\t\t\t\t\t\t\t\t\t\t\t\t\t<a href=\"http:\/\/www.apartalicja.pl\/\">\n\t\t\t\t\t\t\t<img fetchpriority=\"high\" decoding=\"async\" width=\"800\" height=\"535\" src=\"https:\/\/przytuliazakopane.pl\/wp-content\/uploads\/2020\/12\/ad-22_Easy-Resize.com_-1-1024x685.jpg\" class=\"attachment-large size-large wp-image-139\" alt=\"\" srcset=\"https:\/\/przytuliazakopane.pl\/wp-content\/uploads\/2020\/12\/ad-22_Easy-Resize.com_-1-1024x685.jpg 1024w, https:\/\/przytuliazakopane.pl\/wp-content\/uploads\/2020\/12\/ad-22_Easy-Resize.com_-1-300x201.jpg 300w, https:\/\/przytuliazakopane.pl\/wp-content\/uploads\/2020\/12\/ad-22_Easy-Resize.com_-1-768x513.jpg 768w, https:\/\/przytuliazakopane.pl\/wp-content\/uploads\/2020\/12\/ad-22_Easy-Resize.com_-1-1536x1027.jpg 1536w, https:\/\/przytuliazakopane.pl\/wp-content\/uploads\/2020\/12\/ad-22_Easy-Resize.com_-1.jpg 1600w\" sizes=\"(max-width: 800px) 100vw, 800px\" \/>\t\t\t\t\t\t\t\t<\/a>\n\t\t\t\t\t\t\t\t\t\t\t\t\t\t\t<\/div>\n\t\t\t\t<\/div>\n\t\t\t\t\t<\/div>\n\t\t<\/div>\n\t\t\t\t\t<\/div>\n\t\t<\/section>\n\t\t\t\t\t<\/div>\n\t\t<\/div>\n\t\t\t\t\t<\/div>\n\t\t<\/section>\n\t\t\t\t<section class=\"elementor-section elementor-top-section elementor-element elementor-element-187cd824 elementor-section-content-middle elementor-section-boxed elementor-section-height-default elementor-section-height-default\" data-id=\"187cd824\" data-element_type=\"section\" data-settings=\"{&quot;background_background&quot;:&quot;classic&quot;}\">\n\t\t\t\t\t\t<div class=\"elementor-container elementor-column-gap-default\">\n\t\t\t\t\t<div class=\"elementor-column elementor-col-33 elementor-top-column elementor-element elementor-element-6cc14c1\" data-id=\"6cc14c1\" data-element_type=\"column\">\n\t\t\t<div class=\"elementor-widget-wrap elementor-element-populated\">\n\t\t\t\t\t\t<div class=\"elementor-element elementor-element-743473f elementor-hidden-tablet elementor-hidden-phone elementor-widget elementor-widget-image\" data-id=\"743473f\" data-element_type=\"widget\" data-widget_type=\"image.default\">\n\t\t\t\t<div class=\"elementor-widget-container\">\n\t\t\t\t\t\t\t\t\t\t\t\t\t\t\t<img decoding=\"async\" width=\"800\" height=\"800\" src=\"https:\/\/przytuliazakopane.pl\/wp-content\/uploads\/2022\/11\/przytulia-1.png\" class=\"attachment-large size-large wp-image-738\" alt=\"\" srcset=\"https:\/\/przytuliazakopane.pl\/wp-content\/uploads\/2022\/11\/przytulia-1.png 807w, https:\/\/przytuliazakopane.pl\/wp-content\/uploads\/2022\/11\/przytulia-1-300x300.png 300w, https:\/\/przytuliazakopane.pl\/wp-content\/uploads\/2022\/11\/przytulia-1-150x150.png 150w, https:\/\/przytuliazakopane.pl\/wp-content\/uploads\/2022\/11\/przytulia-1-768x768.png 768w\" sizes=\"(max-width: 800px) 100vw, 800px\" \/>\t\t\t\t\t\t\t\t\t\t\t\t\t\t\t<\/div>\n\t\t\t\t<\/div>\n\t\t\t\t\t<\/div>\n\t\t<\/div>\n\t\t\t\t<div class=\"elementor-column elementor-col-33 elementor-top-column elementor-element elementor-element-717bc706\" data-id=\"717bc706\" data-element_type=\"column\">\n\t\t\t<div class=\"elementor-widget-wrap elementor-element-populated\">\n\t\t\t\t\t\t<div class=\"elementor-element elementor-element-604299c elementor-widget elementor-widget-heading\" data-id=\"604299c\" data-element_type=\"widget\" data-widget_type=\"heading.default\">\n\t\t\t\t<div class=\"elementor-widget-container\">\n\t\t\t\t\t<h4 class=\"elementor-heading-title elementor-size-default\">Zakopane \u2013 najbli\u017cej Tatr<\/h4>\t\t\t\t<\/div>\n\t\t\t\t<\/div>\n\t\t\t\t\t<\/div>\n\t\t<\/div>\n\t\t\t\t<div class=\"elementor-column elementor-col-33 elementor-top-column elementor-element elementor-element-3ea85a48\" data-id=\"3ea85a48\" data-element_type=\"column\">\n\t\t\t<div class=\"elementor-widget-wrap elementor-element-populated\">\n\t\t\t\t\t\t<div class=\"elementor-element elementor-element-dc85458 elementor-align-right elementor-mobile-align-center elementor-widget elementor-widget-button\" data-id=\"dc85458\" data-element_type=\"widget\" data-widget_type=\"button.default\">\n\t\t\t\t<div class=\"elementor-widget-container\">\n\t\t\t\t\t\t\t\t\t<div class=\"elementor-button-wrapper\">\n\t\t\t\t\t<a class=\"elementor-button elementor-button-link elementor-size-lg\" href=\"tel:600010689\">\n\t\t\t\t\t\t<span class=\"elementor-button-content-wrapper\">\n\t\t\t\t\t\t<span class=\"elementor-button-icon\">\n\t\t\t\t<i aria-hidden=\"true\" class=\"fas fa-angle-double-right\"><\/i>\t\t\t<\/span>\n\t\t\t\t\t\t\t\t\t<span class=\"elementor-button-text\">Zadzwo\u0144 i zarezerwuj<\/span>\n\t\t\t\t\t<\/span>\n\t\t\t\t\t<\/a>\n\t\t\t\t<\/div>\n\t\t\t\t\t\t\t\t<\/div>\n\t\t\t\t<\/div>\n\t\t\t\t\t<\/div>\n\t\t<\/div>\n\t\t\t\t\t<\/div>\n\t\t<\/section>\n\t\t\t\t<\/div>\n\t\t","protected":false},"excerpt":{"rendered":"<p>OFERTA Nasz\u0105 ofert\u0119 kierujemy zar\u00f3wno do klient\u00f3w indywidualnych jak r\u00f3wnie\u017c grup zorganizowanych. W obiekcie znajduj\u0105 si\u0119: *pokoje 1,2,3,4 osobowe **dwupokojowy apartament typu suite z aneksem kuchennym ***apartamenty typu studio \u00a0 Ka\u017cdy pok\u00f3j jest wyposa\u017cony w telewizor, czajnik, talerze i sztu\u0107ce, Internet WI FI oraz prywatn\u0105 \u0142azienk\u0119 z pe\u0142nym w\u0119z\u0142em sanitarnym, r\u0119cznikami i suszark\u0105 do w\u0142os\u00f3w. [&hellip;]<\/p>\n","protected":false},"author":1,"featured_media":0,"parent":0,"menu_order":0,"comment_status":"closed","ping_status":"closed","template":"elementor_header_footer","meta":{"footnotes":""},"class_list":["post-356","page","type-page","status-publish","hentry"],"_links":{"self":[{"href":"https:\/\/przytuliazakopane.pl\/index.php\/wp-json\/wp\/v2\/pages\/356","targetHints":{"allow":["GET"]}}],"collection":[{"href":"https:\/\/przytuliazakopane.pl\/index.php\/wp-json\/wp\/v2\/pages"}],"about":[{"href":"https:\/\/przytuliazakopane.pl\/index.php\/wp-json\/wp\/v2\/types\/page"}],"author":[{"embeddable":true,"href":"https:\/\/przytuliazakopane.pl\/index.php\/wp-json\/wp\/v2\/users\/1"}],"replies":[{"embeddable":true,"href":"https:\/\/przytuliazakopane.pl\/index.php\/wp-json\/wp\/v2\/comments?post=356"}],"version-history":[{"count":106,"href":"https:\/\/przytuliazakopane.pl\/index.php\/wp-json\/wp\/v2\/pages\/356\/revisions"}],"predecessor-version":[{"id":1292,"href":"https:\/\/przytuliazakopane.pl\/index.php\/wp-json\/wp\/v2\/pages\/356\/revisions\/1292"}],"wp:attachment":[{"href":"https:\/\/przytuliazakopane.pl\/index.php\/wp-json\/wp\/v2\/media?parent=356"}],"curies":[{"name":"wp","href":"https:\/\/api.w.org\/{rel}","templated":true}]}}